{"id":12,"date":"2026-04-29T15:39:10","date_gmt":"2026-04-29T12:39:10","guid":{"rendered":"http:\/\/test.bayram.name.tr\/?page_id=9"},"modified":"2026-05-04T16:11:24","modified_gmt":"2026-05-04T13:11:24","slug":"sevil-ilyas-50-yil-kutlamasi","status":"publish","type":"page","link":"https:\/\/bayram.name.tr\/?page_id=12","title":{"rendered":"Sevil ve \u0130lyas &#8211; 50 YIL Kutlamas\u0131"},"content":{"rendered":"\n<div class=\"wp-block-cover alignfull is-light has-custom-content-position is-position-bottom-center wp-duotone-333-rgb211211211-1\" style=\"margin-top:0;margin-bottom:0;padding-top:var(--wp--preset--spacing--50);padding-right:var(--wp--preset--spacing--50);padding-bottom:var(--wp--preset--spacing--50);padding-left:var(--wp--preset--spacing--50);min-height:100vh;aspect-ratio:unset;\"><img decoding=\"async\" class=\"wp-block-cover__image-background wp-image-10 size-large\" alt=\"\" src=\"http:\/\/bayram.name.tr\/wp-content\/uploads\/2026\/04\/50v2-718x1024.png\" style=\"object-position:56% 53%\" data-object-fit=\"cover\" data-object-position=\"56% 53%\"\/><span aria-hidden=\"true\" class=\"wp-block-cover__background has-background-dim-10 has-background-dim\"><\/span><div class=\"wp-block-cover__inner-container has-global-padding is-layout-constrained wp-container-core-cover-is-layout-d89aad35 wp-block-cover-is-layout-constrained\">\n<div class=\"wp-block-group alignwide has-global-padding is-content-justification-left is-layout-constrained wp-container-core-group-is-layout-12dd3699 wp-block-group-is-layout-constrained\">\n<h2 class=\"wp-block-heading has-text-align-left has-xx-large-font-size\">1976 &#8211; 2026<\/h2>\n\n\n\n<p><em>Zaman ge\u00e7er, mevsimler de\u011fi\u015fir; ama ger\u00e7ek sevgi, yar\u0131m as\u0131r boyunca ayn\u0131 tazelikle kal\u0131r.<\/em><\/p>\n\n\n\n<div class=\"wp-block-buttons is-layout-flex wp-block-buttons-is-layout-flex\">\n<div class=\"wp-block-button\"><a class=\"wp-block-button__link wp-element-button\">Learn more<\/a><\/div>\n<\/div>\n<\/div>\n<\/div><\/div>\n\n\n\n<div class=\"wp-block-group alignfull is-style-section-5 has-global-padding is-layout-constrained wp-block-group-is-layout-constrained is-style-section-5--2\" style=\"margin-top:0;margin-bottom:0;padding-top:var(--wp--preset--spacing--50);padding-bottom:var(--wp--preset--spacing--50)\">\n<div class=\"wp-block-columns alignwide is-layout-flex wp-container-core-columns-is-layout-7ee84d44 wp-block-columns-is-layout-flex\">\n<div class=\"wp-block-column is-vertically-aligned-center is-layout-flow wp-block-column-is-layout-flow\" style=\"flex-basis:50%\">\n<h2 class=\"wp-block-heading\">Sevil &amp; \u0130lyas: 50 Y\u0131ll\u0131k Bir Sevgi Miras\u0131<\/h2>\n\n\n\n<p class=\"has-medium-font-size\">Bir \u00f6m\u00fcr, 18.250 g\u00fcn ve tek bir a\u015fk&#8230; <\/p>\n\n\n\n<p class=\"has-medium-font-size\">Birlikte b\u00fcy\u00fcmenin, birlikte ya\u015flanman\u0131n ve her zorlu\u011fa omuz omuza g\u00f6\u011f\u00fcs germenin en g\u00fczel \u00f6rne\u011fi. Bu sayfa, hayatlar\u0131n\u0131 birbirine adayan Sevil ve \u0130lyas&#8217;\u0131n 50 y\u0131ll\u0131k yolculu\u011funa ve bu sevginin meyvesi olan \u00fc\u00e7 o\u011fullar\u0131yla b\u00fcy\u00fcyen ailemize bir sayg\u0131 duru\u015fudur<\/p>\n<\/div>\n\n\n\n<div class=\"wp-block-column is-vertically-aligned-center is-layout-flow wp-block-column-is-layout-flow\" style=\"flex-basis:50%\">\n<figure class=\"wp-block-image size-full wp-duotone-rgb585858-rgb195195195-3\"><img decoding=\"async\" src=\"http:\/\/bayram.name.tr\/wp-content\/uploads\/2026\/04\/IMG_0376-edited.jpg\" alt=\"\" class=\"wp-image-15\" style=\"aspect-ratio:1;object-fit:cover\"\/><\/figure>\n<\/div>\n<\/div>\n<\/div>\n\n\n\n<div class=\"wp-block-group alignfull has-global-padding is-layout-constrained wp-block-group-is-layout-constrained\" style=\"margin-top:0;margin-bottom:0\">\n<div class=\"wp-block-group alignwide is-layout-grid wp-container-core-group-is-layout-5fdb10e5 wp-block-group-is-layout-grid\" style=\"padding-top:var(--wp--preset--spacing--50);padding-bottom:var(--wp--preset--spacing--50)\">\n<div class=\"wp-block-group is-vertical is-content-justification-stretch is-nowrap is-layout-flex wp-container-core-group-is-layout-627337ab wp-block-group-is-layout-flex\">\n<div class=\"wp-block-group is-vertical is-content-justification-left is-layout-flex wp-container-core-group-is-layout-dd225191 wp-block-group-is-layout-flex\">\n<p class=\"is-style-text-subtitle is-style-text-subtitle--4\">A\u015fk\u0131n en olgun, en g\u00fczel hali<\/p>\n<\/div>\n<\/div>\n\n\n\n<figure class=\"wp-block-image size-full wp-duotone-rgb875959-rgb255255255-5\"><img loading=\"lazy\" decoding=\"async\" width=\"1144\" height=\"858\" src=\"http:\/\/bayram.name.tr\/wp-content\/uploads\/2026\/04\/DSCN2201.jpg\" alt=\"\" class=\"wp-image-20\" style=\"aspect-ratio:1;object-fit:cover\" srcset=\"https:\/\/bayram.name.tr\/wp-content\/uploads\/2026\/04\/DSCN2201.jpg 1144w, https:\/\/bayram.name.tr\/wp-content\/uploads\/2026\/04\/DSCN2201-300x225.jpg 300w, https:\/\/bayram.name.tr\/wp-content\/uploads\/2026\/04\/DSCN2201-1024x768.jpg 1024w, https:\/\/bayram.name.tr\/wp-content\/uploads\/2026\/04\/DSCN2201-768x576.jpg 768w\" sizes=\"auto, (max-width: 1144px) 100vw, 1144px\" \/><\/figure>\n<\/div>\n<\/div>\n\n\n\n<div class=\"wp-block-group alignfull has-global-padding is-layout-constrained wp-container-core-group-is-layout-08655630 wp-block-group-is-layout-constrained\" style=\"margin-top:0;margin-bottom:0;padding-top:var(--wp--preset--spacing--80);padding-bottom:var(--wp--preset--spacing--80)\">\n<div class=\"wp-block-group alignwide is-layout-flow wp-block-group-is-layout-flow\">\n<figure class=\"wp-block-embed is-type-video is-provider-youtube wp-block-embed-youtube wp-embed-aspect-16-9 wp-has-aspect-ratio\"><div class=\"wp-block-embed__wrapper\">\n<iframe loading=\"lazy\" title=\"Sevil - \u0130lyas 50 Y\u0131l Kutlamalar\u0131 Ba\u015flas\u0131n\" width=\"500\" height=\"281\" src=\"https:\/\/www.youtube.com\/embed\/p20DNKNGEf8?feature=oembed\" frameborder=\"0\" allow=\"accelerometer; autoplay; clipboard-write; encrypted-media; gyroscope; picture-in-picture; web-share\" referrerpolicy=\"strict-origin-when-cross-origin\" allowfullscreen><\/iframe>\n<\/div><\/figure>\n\n\n\n<div style=\"height:var(--wp--preset--spacing--40)\" aria-hidden=\"true\" class=\"wp-block-spacer\"><\/div>\n<\/div>\n<\/div>\n","protected":false},"excerpt":{"rendered":"<p>Sevil &amp; \u0130lyas: 50 Y\u0131ll\u0131k Bir Sevgi Miras\u0131 Bir \u00f6m\u00fcr, 18.250 g\u00fcn ve tek bir a\u015fk&#8230; Birlikte b\u00fcy\u00fcmenin, birlikte ya\u015flanman\u0131n ve her zorlu\u011fa omuz omuza g\u00f6\u011f\u00fcs germenin en g\u00fczel \u00f6rne\u011fi. Bu sayfa, hayatlar\u0131n\u0131 birbirine adayan Sevil ve \u0130lyas&#8217;\u0131n 50 y\u0131ll\u0131k yolculu\u011funa ve bu sevginin meyvesi olan \u00fc\u00e7 o\u011fullar\u0131yla b\u00fcy\u00fcyen ailemize bir sayg\u0131 duru\u015fudur A\u015fk\u0131n en [&hellip;]<\/p>\n","protected":false},"author":1,"featured_media":0,"parent":0,"menu_order":0,"comment_status":"closed","ping_status":"closed","template":"","meta":{"footnotes":""},"class_list":["post-12","page","type-page","status-publish","hentry"],"_links":{"self":[{"href":"https:\/\/bayram.name.tr\/index.php?rest_route=\/wp\/v2\/pages\/12","targetHints":{"allow":["GET"]}}],"collection":[{"href":"https:\/\/bayram.name.tr\/index.php?rest_route=\/wp\/v2\/pages"}],"about":[{"href":"https:\/\/bayram.name.tr\/index.php?rest_route=\/wp\/v2\/types\/page"}],"author":[{"embeddable":true,"href":"https:\/\/bayram.name.tr\/index.php?rest_route=\/wp\/v2\/users\/1"}],"replies":[{"embeddable":true,"href":"https:\/\/bayram.name.tr\/index.php?rest_route=%2Fwp%2Fv2%2Fcomments&post=12"}],"version-history":[{"count":1,"href":"https:\/\/bayram.name.tr\/index.php?rest_route=\/wp\/v2\/pages\/12\/revisions"}],"predecessor-version":[{"id":22,"href":"https:\/\/bayram.name.tr\/index.php?rest_route=\/wp\/v2\/pages\/12\/revisions\/22"}],"wp:attachment":[{"href":"https:\/\/bayram.name.tr\/index.php?rest_route=%2Fwp%2Fv2%2Fmedia&parent=12"}],"curies":[{"name":"wp","href":"https:\/\/api.w.org\/{rel}","templated":true}]}}